{"id":15,"date":"2021-03-13T19:37:16","date_gmt":"2021-03-13T18:37:16","guid":{"rendered":"http:\/\/recstudio.fr\/?page_id=15"},"modified":"2024-02-28T13:26:07","modified_gmt":"2024-02-28T12:26:07","slug":"accueil","status":"publish","type":"page","link":"https:\/\/recstudio.fr\/","title":{"rendered":"Accueil"},"content":{"rendered":"<p>[vc_section full_width=\u00a0\u00bbstretch_row\u00a0\u00bb full_height=\u00a0\u00bbyes\u00a0\u00bb video_bg=\u00a0\u00bbyes\u00a0\u00bb video_bg_url=\u00a0\u00bbhttps:\/\/www.youtube.com\/watch?v=Ta9ziSEe_1I\u00a0\u00bb css=\u00a0\u00bb.vc_custom_1708705045083{padding-top: 220px !important;padding-bottom: 220px !important;}\u00a0\u00bb][vc_row equal_height=\u00a0\u00bbyes\u00a0\u00bb][vc_column][\/vc_column][\/vc_row][\/vc_section][vc_section content_placement=\u00a0\u00bbmiddle\u00a0\u00bb css=\u00a0\u00bb.vc_custom_1627560582586{margin-top: 30px !important;}\u00a0\u00bb][vc_row content_placement=\u00a0\u00bbmiddle\u00a0\u00bb css=\u00a0\u00bb.vc_custom_1625588212525{background-color: #ffffff !important;}\u00a0\u00bb][vc_column css=\u00a0\u00bb.vc_custom_1617721871021{margin-right: 2% !important;margin-left: 2% !important;}\u00a0\u00bb][vc_column_text]<\/p>\n<h2 style=\"text-align: center;\">Bienvenue chez REC Studio<\/h2>\n<p>[\/vc_column_text][vc_separator color=\u00a0\u00bbcustom\u00a0\u00bb border_width=\u00a0\u00bb4&Prime; el_width=\u00a0\u00bb20&Prime; css=\u00a0\u00bb.vc_custom_1636033439081{margin-top: 20px !important;margin-bottom: 20px !important;}\u00a0\u00bb accent_color=\u00a0\u00bb#b61819&Prime;][vc_column_text]<\/p>\n<div style=\"text-align: center;\">\n<p class=\"Pardfaut\">L&rsquo;agence de communication sp\u00e9cialis\u00e9e en r\u00e9alisation vid\u00e9o, dans les Hauts-de-France et \u00e0 Paris.<\/p>\n<\/div>\n<p>[\/vc_column_text][\/vc_column][\/vc_row][\/vc_section][vc_section content_placement=\u00a0\u00bbmiddle\u00a0\u00bb][vc_row gap=\u00a0\u00bb4&Prime; css_animation=\u00a0\u00bbbottom-to-top\u00a0\u00bb css=\u00a0\u00bb.vc_custom_1636041891028{background-color: #ffffff !important;}\u00a0\u00bb][vc_column width=\u00a0\u00bb1\/3&Prime; css=\u00a0\u00bb.vc_custom_1645089996452{margin-right: 5% !important;margin-left: 5% !important;}\u00a0\u00bb][vc_column_text]<\/p>\n<h6>CE QUE L&rsquo;ON AIME ?<\/h6>\n<h3>FAIRE DES VIDEOS<\/h3>\n<div>\n<p class=\"Corps\" style=\"text-align: left;\">Passionn\u00e9s par la production audiovisuelle, la communication et les nouvelles technologies, nous mettons \u00e0 disposition nos id\u00e9es les plus cr\u00e9atives afin de toujours mieux r\u00e9pondre \u00e0 vos envies et vos attentes.<\/p>\n<\/div>\n<p>[\/vc_column_text][\/vc_column][vc_column width=\u00a0\u00bb1\/3&Prime; css=\u00a0\u00bb.vc_custom_1617722088774{margin-right: 5% !important;margin-left: 5% !important;}\u00a0\u00bb][vc_column_text]<\/p>\n<h6>CE QUE L&rsquo;ON SOUHAITE FAIRE ?<\/h6>\n<h3>DU SUR-MESURE<\/h3>\n<div>\n<p class=\"Pardfaut\">Nous avons \u00e0 coeur d&rsquo;accompagner tous les profils clients : ind\u00e9pendant, PME, grand groupe, collectivit\u00e9 ou encore association. Nous r\u00e9alisons des contenus sur-mesure selon vos besoins.<\/p>\n<\/div>\n<p>[\/vc_column_text][\/vc_column][vc_column width=\u00a0\u00bb1\/3&Prime; css=\u00a0\u00bb.vc_custom_1645089989071{margin-right: 5px !important;margin-left: 5px !important;}\u00a0\u00bb][vc_column_text]<\/p>\n<h6>CE QUE L&rsquo;ON PROMET ?<\/h6>\n<h3>L&rsquo;ACCOMPAGNEMENT<\/h3>\n<p>De notre premi<span lang=\"IT\">\u00e8<\/span>re rencontre jusqu<span dir=\"RTL\" lang=\"AR-SA\">\u2019<\/span>au rendu de votre projet, nous vous accompagnons de A \u00e0 Z et nous vous tenons au courant de son avancement, de nos m\u00e9thodes de travail et des diff\u00e9<span lang=\"PT\">rentes <\/span>\u00e9tapes.[\/vc_column_text][\/vc_column][\/vc_row][\/vc_section][vc_section full_width=\u00a0\u00bbstretch_row\u00a0\u00bb parallax=\u00a0\u00bbcontent-moving-fade\u00a0\u00bb parallax_image=\u00a0\u00bb2027&Prime; css=\u00a0\u00bb.vc_custom_1705941068330{margin-top: 120px !important;padding-top: 120px !important;padding-bottom: 120px !important;background-color: rgba(86,86,86,0.46) !important;*background-color: rgb(86,86,86) !important;}\u00a0\u00bb][vc_row][vc_column width=\u00a0\u00bb1\/4&Prime; css=\u00a0\u00bb.vc_custom_1645089918980{margin-top: 10px !important;margin-bottom: 10px !important;}\u00a0\u00bb]<div class=\"qodef-counter-holder \">\n\t<div class=\"qodef-counter-inner\">\n\t\t\t\t\t<span class=\"qodef-counter qodef-zero-counter\" style=\"font-size: 75px;color: #b61819\">8<\/span>\n\t\t\t\t\t\t\t<h4 class=\"qodef-counter-title\" style=\"color: #b61819\">\n\t\t\t\tans \u00e0 vos c\u00f4t\u00e9s\t\t\t<\/h4>\n\t\t\t\t\t<\/div>\n<\/div>[\/vc_column][vc_column width=\u00a0\u00bb1\/4&Prime; css=\u00a0\u00bb.vc_custom_1645089914100{margin-top: 10px !important;margin-bottom: 10px !important;}\u00a0\u00bb]<div class=\"qodef-counter-holder \">\n\t<div class=\"qodef-counter-inner\">\n\t\t\t\t\t<span class=\"qodef-counter qodef-zero-counter\" style=\"font-size: 75px;color: #b61819\">2<\/span>\n\t\t\t\t\t\t\t<h4 class=\"qodef-counter-title\" style=\"color: #b61819\">\n\t\t\t\tagences en France\t\t\t<\/h4>\n\t\t\t\t\t<\/div>\n<\/div>[\/vc_column][vc_column width=\u00a0\u00bb1\/4&Prime; css=\u00a0\u00bb.vc_custom_1645089908722{margin-top: 10px !important;margin-bottom: 10px !important;}\u00a0\u00bb]<div class=\"qodef-counter-holder \">\n\t<div class=\"qodef-counter-inner\">\n\t\t\t\t\t<span class=\"qodef-counter qodef-zero-counter\" style=\"font-size: 75px;color: #b61819\">5<\/span>\n\t\t\t\t\t\t\t<h4 class=\"qodef-counter-title\" style=\"color: #b61819\">\n\t\t\t\texperts vid\u00e9o\t\t\t<\/h4>\n\t\t\t\t\t<\/div>\n<\/div>[\/vc_column][vc_column width=\u00a0\u00bb1\/4&Prime; css=\u00a0\u00bb.vc_custom_1645089903829{margin-top: 10px !important;margin-bottom: 10px !important;}\u00a0\u00bb]<div class=\"qodef-counter-holder \">\n\t<div class=\"qodef-counter-inner\">\n\t\t\t\t\t<span class=\"qodef-counter qodef-zero-counter\" style=\"font-size: 75px;color: #b61819\">2843<\/span>\n\t\t\t\t\t\t\t<h4 class=\"qodef-counter-title\" style=\"color: #b61819\">\n\t\t\t\tid\u00e9es en t\u00eates\t\t\t<\/h4>\n\t\t\t\t\t<\/div>\n<\/div>[\/vc_column][\/vc_row][\/vc_section][vc_section full_width=\u00a0\u00bbstretch_row\u00a0\u00bb content_placement=\u00a0\u00bbmiddle\u00a0\u00bb css=\u00a0\u00bb.vc_custom_1709120471569{margin-top: 20px !important;margin-bottom: 20px !important;padding-top: 60px !important;padding-bottom: 80px !important;}\u00a0\u00bb][vc_row gap=\u00a0\u00bb4&Prime; equal_height=\u00a0\u00bbyes\u00a0\u00bb css=\u00a0\u00bb.vc_custom_1636912174518{background-color: #ffffff !important;}\u00a0\u00bb][vc_column width=\u00a0\u00bb1\/3&Prime; css=\u00a0\u00bb.vc_custom_1617721871021{margin-right: 2% !important;margin-left: 2% !important;}\u00a0\u00bb][vc_column_text]<\/p>\n<h2>Agence cr\u00e9ative<\/h2>\n<h2>de vid\u00e9o<\/h2>\n<p>[\/vc_column_text][vc_separator color=\u00a0\u00bbcustom\u00a0\u00bb align=\u00a0\u00bbalign_left\u00a0\u00bb border_width=\u00a0\u00bb4&Prime; el_width=\u00a0\u00bb50&Prime; css=\u00a0\u00bb.vc_custom_1636905529395{margin-top: 20px !important;margin-bottom: 20px !important;}\u00a0\u00bb accent_color=\u00a0\u00bb#b61819&Prime;][vc_column_text]Depuis 8 ans, l&rsquo;agence REC Studio se sp\u00e9cialise dans la r\u00e9alisation de contenus audiovisuels : spot promotionnel, publicit\u00e9, clip vid\u00e9o, fiction, interview, reportage, captation d&rsquo;\u00e9v\u00e9nement, motion-design, cr\u00e9ation de contenu&#8230;<\/p>\n<p>Nous cr\u00e9ons des vid\u00e9os \u00e0 valeur ajout\u00e9e, de l&rsquo;\u00e9criture \u00e0 la post-production, afin de vous garantir des contenus innovants et valorisants pour communiquer avec efficacit\u00e9 aupr\u00e8s de vos cibles, soignant ainsi votre image et votre notori\u00e9t\u00e9.[\/vc_column_text][vc_btn title=\u00a0\u00bbD\u00e9couvrir nos r\u00e9alisations\u00a0\u00bb style=\u00a0\u00bbflat\u00a0\u00bb shape=\u00a0\u00bbround\u00a0\u00bb align=\u00a0\u00bbleft\u00a0\u00bb i_icon_fontawesome=\u00a0\u00bbfas fa-angle-right\u00a0\u00bb add_icon=\u00a0\u00bbtrue\u00a0\u00bb css=\u00a0\u00bb.vc_custom_1643484727439{margin-top: 20px !important;}\u00a0\u00bb link=\u00a0\u00bburl:http%3A%2F%2Frecstudio.fr%2Fservices%2Faudiovisuel%2F|title:Vid%C3%A9o\u00a0\u00bb][\/vc_column][vc_column width=\u00a0\u00bb2\/3&Prime; css=\u00a0\u00bb.vc_custom_1617722497082{margin-right: 5% !important;margin-left: 5% !important;padding-right: 5% !important;padding-left: 5% !important;}\u00a0\u00bb][vc_single_image image=\u00a0\u00bb2030&Prime; img_size=\u00a0\u00bblarge\u00a0\u00bb css_animation=\u00a0\u00bbfadeInRight\u00a0\u00bb][\/vc_column][\/vc_row][\/vc_section][vc_section content_placement=\u00a0\u00bbmiddle\u00a0\u00bb][vc_row full_width=\u00a0\u00bbstretch_row_content\u00a0\u00bb gap=\u00a0\u00bb4&Prime; equal_height=\u00a0\u00bbyes\u00a0\u00bb content_placement=\u00a0\u00bbmiddle\u00a0\u00bb css_animation=\u00a0\u00bbfadeInUp\u00a0\u00bb css=\u00a0\u00bb.vc_custom_1709120540912{background-color: #ffffff !important;}\u00a0\u00bb][vc_column width=\u00a0\u00bb1\/2&Prime; css=\u00a0\u00bb.vc_custom_1707921455724{background-image: url(https:\/\/recstudio.fr\/wp-content\/uploads\/2024\/02\/photoequipe1.jpg?id=2144) !important;background-position: center !important;background-repeat: no-repeat !important;background-size: cover !important;}\u00a0\u00bb][vc_empty_space height=\u00a0\u00bb200&Prime;][\/vc_column][vc_column width=\u00a0\u00bb1\/2&Prime; css=\u00a0\u00bb.vc_custom_1706021816637{padding-top: 60px !important;padding-bottom: 60px !important;background-color: #efefef !important;}\u00a0\u00bb][vc_column_text]<\/p>\n<h2 style=\"text-align: center;\">Qui se ressemble,<\/h2>\n<h2 style=\"text-align: center;\">se rassemble<\/h2>\n<p>[\/vc_column_text][vc_separator color=\u00a0\u00bbcustom\u00a0\u00bb border_width=\u00a0\u00bb4&Prime; el_width=\u00a0\u00bb20&Prime; css=\u00a0\u00bb.vc_custom_1636905544038{margin-top: 20px !important;margin-bottom: 20px !important;}\u00a0\u00bb accent_color=\u00a0\u00bb#b61819&Prime;][vc_column_text css=\u00a0\u00bb.vc_custom_1708711945853{margin-right: 20% !important;margin-left: 20% !important;}\u00a0\u00bb]<\/p>\n<p style=\"text-align: center;\">REC Studio c&rsquo;est l&rsquo;union de diff\u00e9rents experts du domaine de l&rsquo;audiovisuel et de la communication, partageant ensemble leur cr\u00e9ativit\u00e9 et attach\u00e9s \u00e0 la satisfaction de leurs clients. Notre recette magique ? La simplicit\u00e9 de nos explications et la proximit\u00e9 dans nos \u00e9changes tout au long de notre collaboration et de l&rsquo;avancement de votre projet.<\/p>\n<p>[\/vc_column_text][vc_btn title=\u00a0\u00bbD\u00e9couvrir notre \u00e9quipe\u00a0\u00bb style=\u00a0\u00bbflat\u00a0\u00bb shape=\u00a0\u00bbround\u00a0\u00bb color=\u00a0\u00bbblack\u00a0\u00bb align=\u00a0\u00bbcenter\u00a0\u00bb i_icon_fontawesome=\u00a0\u00bbfas fa-angle-right\u00a0\u00bb add_icon=\u00a0\u00bbtrue\u00a0\u00bb css=\u00a0\u00bb.vc_custom_1705495552949{margin-top: 20px !important;}\u00a0\u00bb link=\u00a0\u00bburl:https%3A%2F%2Frecstudio.fr%2F%3Fpage_id%3D105|title:La%20Team\u00a0\u00bb][\/vc_column][\/vc_row][\/vc_section][vc_section full_width=\u00a0\u00bbstretch_row\u00a0\u00bb content_placement=\u00a0\u00bbmiddle\u00a0\u00bb css=\u00a0\u00bb.vc_custom_1645012288433{margin-top: 20px !important;margin-bottom: 20px !important;}\u00a0\u00bb][vc_row][vc_column]<div class=\"qodef-clients clearfix  qodef-clients-six-columns separator-disabled\">\n        <div class=\"qodef-client-holder qodef-hover-opacity\" >\n        <div class=\"qodef-client-holder-inner\">\n            <div class=\"qodef-client-image-holder\">\n                                <a href=\"https:\/\/concessionnaire.dsautomobiles.fr\/ds-store-dunkerque\/?location=DS+STORE+DUNKERQUE%230\" target=\"_blank\">\n                                            <span class=\"qodef-client-image\">\n\t\t\t\t\t\t<img decoding=\"async\" src=\"https:\/\/recstudio.fr\/wp-content\/uploads\/2022\/02\/exemple-clien12.jpg\" alt=\"\"\/>\n\t\t\t\t\t<\/span>\n                                                                <\/a>\n                        <\/div>\n        <\/div>\n    <\/div>\n    <div class=\"qodef-client-holder qodef-hover-opacity\" >\n        <div class=\"qodef-client-holder-inner\">\n            <div class=\"qodef-client-image-holder\">\n                                <a href=\"https:\/\/www.pommpoire.fr\/253-collection-lingerie-camille-cerf\" target=\"_blank\">\n                                            <span class=\"qodef-client-image\">\n\t\t\t\t\t\t<img decoding=\"async\" src=\"https:\/\/recstudio.fr\/wp-content\/uploads\/2022\/02\/exemple-client8.jpg\" alt=\"\"\/>\n\t\t\t\t\t<\/span>\n                                                                <\/a>\n                        <\/div>\n        <\/div>\n    <\/div>\n    <div class=\"qodef-client-holder qodef-hover-opacity\" >\n        <div class=\"qodef-client-holder-inner\">\n            <div class=\"qodef-client-image-holder\">\n                                <a href=\"https:\/\/stomer.croix-rouge.fr\" target=\"_blank\">\n                                            <span class=\"qodef-client-image\">\n\t\t\t\t\t\t<img decoding=\"async\" src=\"https:\/\/recstudio.fr\/wp-content\/uploads\/2022\/02\/exemple-client17.jpg\" alt=\"\"\/>\n\t\t\t\t\t<\/span>\n                                                                <\/a>\n                        <\/div>\n        <\/div>\n    <\/div>\n    <div class=\"qodef-client-holder qodef-hover-opacity\" >\n        <div class=\"qodef-client-holder-inner\">\n            <div class=\"qodef-client-image-holder\">\n                                <a href=\"https:\/\/caussegantier.com\/fr\/\" target=\"_blank\">\n                                            <span class=\"qodef-client-image\">\n\t\t\t\t\t\t<img decoding=\"async\" src=\"https:\/\/recstudio.fr\/wp-content\/uploads\/2024\/01\/exemple-client34.jpg\" alt=\"\"\/>\n\t\t\t\t\t<\/span>\n                                                                <\/a>\n                        <\/div>\n        <\/div>\n    <\/div>\n    <div class=\"qodef-client-holder qodef-hover-opacity\" >\n        <div class=\"qodef-client-holder-inner\">\n            <div class=\"qodef-client-image-holder\">\n                                <a href=\"https:\/\/www.actionlogement.fr\" target=\"_blank\">\n                                            <span class=\"qodef-client-image\">\n\t\t\t\t\t\t<img decoding=\"async\" src=\"https:\/\/recstudio.fr\/wp-content\/uploads\/2024\/02\/exemple-client43.jpg\" alt=\"\"\/>\n\t\t\t\t\t<\/span>\n                                                                <\/a>\n                        <\/div>\n        <\/div>\n    <\/div>\n    <div class=\"qodef-client-holder qodef-hover-opacity\" >\n        <div class=\"qodef-client-holder-inner\">\n            <div class=\"qodef-client-image-holder\">\n                                <a href=\"https:\/\/www.sncf-reseau.com\/fr\" target=\"_blank\">\n                                            <span class=\"qodef-client-image\">\n\t\t\t\t\t\t<img decoding=\"async\" src=\"https:\/\/recstudio.fr\/wp-content\/uploads\/2024\/02\/exemple-client38.jpg\" alt=\"\"\/>\n\t\t\t\t\t<\/span>\n                                                                <\/a>\n                        <\/div>\n        <\/div>\n    <\/div>\n<\/div>[\/vc_column][\/vc_row][\/vc_section][vc_section full_width=\u00a0\u00bbstretch_row\u00a0\u00bb content_placement=\u00a0\u00bbmiddle\u00a0\u00bb parallax=\u00a0\u00bbcontent-moving-fade\u00a0\u00bb parallax_image=\u00a0\u00bb1973&Prime; css=\u00a0\u00bb.vc_custom_1705504386395{margin-top: 0px !important;padding-top: 175px !important;padding-bottom: 175px !important;}\u00a0\u00bb][vc_row content_placement=\u00a0\u00bbmiddle\u00a0\u00bb content_text_aligment=\u00a0\u00bbcenter\u00a0\u00bb css=\u00a0\u00bb.vc_custom_1627556295822{margin-top: 0px !important;padding-top: 0px !important;padding-bottom: 0px !important;}\u00a0\u00bb][vc_column css=\u00a0\u00bb.vc_custom_1617721871021{margin-right: 2% !important;margin-left: 2% !important;}\u00a0\u00bb][vc_column_text]<\/p>\n<h2 style=\"text-align: center;\"><span style=\"color: #ffffff;\">Transmettre nos connaissances<\/span><\/h2>\n<p>[\/vc_column_text][vc_separator color=\u00a0\u00bbcustom\u00a0\u00bb border_width=\u00a0\u00bb4&Prime; el_width=\u00a0\u00bb20&Prime; css=\u00a0\u00bb.vc_custom_1636905732581{margin-top: 20px !important;margin-bottom: 20px !important;}\u00a0\u00bb accent_color=\u00a0\u00bb#b61819&Prime;][vc_column_text css=\u00a0\u00bb.vc_custom_1705509907508{margin-right: 20% !important;margin-left: 20% !important;}\u00a0\u00bb]<\/p>\n<p style=\"text-align: center;\"><span style=\"color: #ffffff;\">Nous d\u00e9veloppons depuis plusieurs ann\u00e9es, des programmes de formations \u00e9tudiantes et professionnalisantes afin d&rsquo;apprendre les bases de la cr\u00e9ation vid\u00e9o, ainsi que ses divers formats originaux : web-s\u00e9rie, motion-design, talk-show, podcast vid\u00e9o, filmez et monter avec son smartphone&#8230; Un ensemble de comp\u00e9tences pour perfectionner votre communication digitale !<\/span><\/p>\n<p>[\/vc_column_text][vc_btn title=\u00a0\u00bbD\u00e9couvrir nos formations\u00a0\u00bb style=\u00a0\u00bbflat\u00a0\u00bb shape=\u00a0\u00bbround\u00a0\u00bb align=\u00a0\u00bbcenter\u00a0\u00bb i_icon_fontawesome=\u00a0\u00bbfas fa-angle-right\u00a0\u00bb add_icon=\u00a0\u00bbtrue\u00a0\u00bb css=\u00a0\u00bb.vc_custom_1705950869129{margin-top: 20px !important;}\u00a0\u00bb link=\u00a0\u00bburl:https%3A%2F%2Frecstudio.fr%2F%3Fpage_id%3D204|title:Formations\u00a0\u00bb][\/vc_column][\/vc_row][\/vc_section]<\/p>\n","protected":false},"excerpt":{"rendered":"<p>[vc_section full_width=\u00a0\u00bbstretch_row\u00a0\u00bb full_height=\u00a0\u00bbyes\u00a0\u00bb video_bg=\u00a0\u00bbyes\u00a0\u00bb video_bg_url=\u00a0\u00bbhttps:\/\/www.youtube.com\/watch?v=Ta9ziSEe_1I\u00a0\u00bb css=\u00a0\u00bb.vc_custom_1708705045083{padding-top: 220px !important;padding-bottom: 220px !important;}\u00a0\u00bb][vc_row equal_height=\u00a0\u00bbyes\u00a0\u00bb][vc_column][\/vc_column][\/vc_row][\/vc_section][vc_section content_placement=\u00a0\u00bbmiddle\u00a0\u00bb css=\u00a0\u00bb.vc_custom_1627560582586{margin-top: 30px !important;}\u00a0\u00bb][vc_row content_placement=\u00a0\u00bbmiddle\u00a0\u00bb css=\u00a0\u00bb.vc_custom_1625588212525{background-color: #ffffff !important;}\u00a0\u00bb][vc_column css=\u00a0\u00bb.vc_custom_1617721871021{margin-right: 2% !important;margin-left: 2% !important;}\u00a0\u00bb][vc_column_text] Bienvenue chez REC Studio [\/vc_column_text][vc_separator color=\u00a0\u00bbcustom\u00a0\u00bb border_width=\u00a0\u00bb4&Prime; el_width=\u00a0\u00bb20&Prime; css=\u00a0\u00bb.vc_custom_1636033439081{margin-top: 20px !important;margin-bottom: 20px !important;}\u00a0\u00bb accent_color=\u00a0\u00bb#b61819&Prime;][vc_column_text] L&rsquo;agence de [&hellip;]<\/p>\n","protected":false},"author":1,"featured_media":0,"parent":0,"menu_order":0,"comment_status":"closed","ping_status":"closed","template":"","meta":{"footnotes":""},"_links":{"self":[{"href":"https:\/\/recstudio.fr\/index.php?rest_route=\/wp\/v2\/pages\/15"}],"collection":[{"href":"https:\/\/recstudio.fr\/index.php?rest_route=\/wp\/v2\/pages"}],"about":[{"href":"https:\/\/recstudio.fr\/index.php?rest_route=\/wp\/v2\/types\/page"}],"author":[{"embeddable":true,"href":"https:\/\/recstudio.fr\/index.php?rest_route=\/wp\/v2\/users\/1"}],"replies":[{"embeddable":true,"href":"https:\/\/recstudio.fr\/index.php?rest_route=%2Fwp%2Fv2%2Fcomments&post=15"}],"version-history":[{"count":354,"href":"https:\/\/recstudio.fr\/index.php?rest_route=\/wp\/v2\/pages\/15\/revisions"}],"predecessor-version":[{"id":2363,"href":"https:\/\/recstudio.fr\/index.php?rest_route=\/wp\/v2\/pages\/15\/revisions\/2363"}],"wp:attachment":[{"href":"https:\/\/recstudio.fr\/index.php?rest_route=%2Fwp%2Fv2%2Fmedia&parent=15"}],"curies":[{"name":"wp","href":"https:\/\/api.w.org\/{rel}","templated":true}]}}