{"id":174,"date":"2021-04-10T14:23:35","date_gmt":"2021-04-10T12:23:35","guid":{"rendered":"http:\/\/recstudio.fr\/?page_id=174"},"modified":"2024-05-13T13:40:51","modified_gmt":"2024-05-13T11:40:51","slug":"partenaires","status":"publish","type":"page","link":"https:\/\/recstudio.fr\/?page_id=174","title":{"rendered":"Actualit\u00e9"},"content":{"rendered":"<p>[vc_section full_width=\u00a0\u00bbstretch_row\u00a0\u00bb parallax=\u00a0\u00bbcontent-moving\u00a0\u00bb parallax_image=\u00a0\u00bb2294&Prime; parallax_speed_bg=\u00a0\u00bb1.3&Prime; css=\u00a0\u00bb.vc_custom_1709121969538{margin-top: -40px !important;padding-top: 360px !important;padding-bottom: 360px !important;background-color: #efefef !important;}\u00a0\u00bb][vc_row][vc_column][vc_column_text]<\/p>\n<h1 style=\"text-align: center;\"><span style=\"color: #ffffff;\"><span style=\"caret-color: #ffffff;\">Actualit\u00e9<\/span><\/span><\/h1>\n<p>[\/vc_column_text][vc_separator color=\u00a0\u00bbcustom\u00a0\u00bb border_width=\u00a0\u00bb4&Prime; el_width=\u00a0\u00bb20&Prime; accent_color=\u00a0\u00bb#b61819&Prime; css=\u00a0\u00bb.vc_custom_1707066643582{margin-top: 20px !important;}\u00a0\u00bb][\/vc_column][\/vc_row][\/vc_section][vc_section full_width=\u00a0\u00bbstretch_row\u00a0\u00bb css=\u00a0\u00bb.vc_custom_1709122059515{padding-top: 50px !important;padding-bottom: 50px !important;background-color: #efefef !important;}\u00a0\u00bb][vc_row css_animation=\u00a0\u00bbfadeIn\u00a0\u00bb css=\u00a0\u00bb.vc_custom_1707061306600{padding-right: 20% !important;padding-left: 20% !important;}\u00a0\u00bb][vc_column][vc_column_text]<\/p>\n<h2 style=\"text-align: center;\">Envie d&rsquo;en d\u00e9couvrir plus ?<\/h2>\n<p>[\/vc_column_text][vc_separator color=\u00a0\u00bbcustom\u00a0\u00bb border_width=\u00a0\u00bb4&Prime; el_width=\u00a0\u00bb20&Prime; accent_color=\u00a0\u00bb#b61819&Prime; css=\u00a0\u00bb.vc_custom_1707058317448{margin-top: 15px !important;}\u00a0\u00bb][vc_column_text css=\u00a0\u00bb.vc_custom_1707058980721{margin-top: 15px !important;}\u00a0\u00bb]<\/p>\n<p style=\"text-align: center;\">T\u00e9moignage client, conseils et astuces de communication, mieux comprendre notre m\u00e9tier&#8230;<br \/>\nD\u00e9couvrez les diverses th\u00e9matiques que nous abordons en vid\u00e9os !<\/p>\n<p>[\/vc_column_text][\/vc_column][\/vc_row][\/vc_section][vc_section css=\u00a0\u00bb.vc_custom_1707150737235{padding-bottom: 70px !important;}\u00a0\u00bb][vc_row css_animation=\u00a0\u00bbfadeIn\u00a0\u00bb css=\u00a0\u00bb.vc_custom_1707061344477{margin-top: 40px !important;}\u00a0\u00bb][vc_column][vc_column_text]<\/p>\n<h3 style=\"text-align: center;\">T&rsquo;as pas des Tips ?<\/h3>\n<p>[\/vc_column_text][\/vc_column][\/vc_row][vc_row css_animation=\u00a0\u00bbzoomIn\u00a0\u00bb css=\u00a0\u00bb.vc_custom_1707063830058{margin-top: 50px !important;}\u00a0\u00bb][vc_column width=\u00a0\u00bb1\/3&Prime;]<div class=\"qodef-video-button-holder video_icon\">\n\t<div class=\"qodef-video-button-image\">\n\t\t<img loading=\"lazy\" decoding=\"async\" width=\"840\" height=\"473\" src=\"https:\/\/recstudio.fr\/wp-content\/uploads\/2024\/02\/tpdt1.jpg\" class=\"attachment-full size-full\" alt=\"\" srcset=\"https:\/\/recstudio.fr\/wp-content\/uploads\/2024\/02\/tpdt1.jpg 840w, https:\/\/recstudio.fr\/wp-content\/uploads\/2024\/02\/tpdt1-300x169.jpg 300w, https:\/\/recstudio.fr\/wp-content\/uploads\/2024\/02\/tpdt1-768x432.jpg 768w\" sizes=\"(max-width: 840px) 100vw, 840px\" \/>\t<\/div>\n\t\t\t<a class=\"qodef-video-button-play\" style=\"color: #b61819;font-size: 40px\" href=\"https:\/\/youtu.be\/hCZzmMEB5x4\" target=\"_self\" data-rel=\"prettyPhoto[video_button_pretty_photo_998]\">\n\t\t\t<span class=\"qodef-video-button-play-inner\">\n\t\t\t\t<span class=\"arrow_triangle-right_alt\"><\/span>\n\t\t\t<\/span>\n\t\t<\/a>\n\t<\/div>[vc_empty_space height=\u00a0\u00bb30px\u00a0\u00bb]<div class=\"qodef-video-button-holder video_icon\">\n\t<div class=\"qodef-video-button-image\">\n\t\t<img loading=\"lazy\" decoding=\"async\" width=\"840\" height=\"473\" src=\"https:\/\/recstudio.fr\/wp-content\/uploads\/2024\/02\/tpdt4.jpg\" class=\"attachment-full size-full\" alt=\"\" srcset=\"https:\/\/recstudio.fr\/wp-content\/uploads\/2024\/02\/tpdt4.jpg 840w, https:\/\/recstudio.fr\/wp-content\/uploads\/2024\/02\/tpdt4-300x169.jpg 300w, https:\/\/recstudio.fr\/wp-content\/uploads\/2024\/02\/tpdt4-768x432.jpg 768w\" sizes=\"(max-width: 840px) 100vw, 840px\" \/>\t<\/div>\n\t\t\t<a class=\"qodef-video-button-play\" style=\"color: #b61819;font-size: 40px\" href=\"https:\/\/youtu.be\/6K2uztKjXLU\" target=\"_self\" data-rel=\"prettyPhoto[video_button_pretty_photo_626]\">\n\t\t\t<span class=\"qodef-video-button-play-inner\">\n\t\t\t\t<span class=\"arrow_triangle-right_alt\"><\/span>\n\t\t\t<\/span>\n\t\t<\/a>\n\t<\/div>[\/vc_column][vc_column width=\u00a0\u00bb1\/3&Prime;]<div class=\"qodef-video-button-holder video_icon\">\n\t<div class=\"qodef-video-button-image\">\n\t\t<img loading=\"lazy\" decoding=\"async\" width=\"840\" height=\"473\" src=\"https:\/\/recstudio.fr\/wp-content\/uploads\/2024\/02\/tpdt2.jpg\" class=\"attachment-full size-full\" alt=\"\" srcset=\"https:\/\/recstudio.fr\/wp-content\/uploads\/2024\/02\/tpdt2.jpg 840w, https:\/\/recstudio.fr\/wp-content\/uploads\/2024\/02\/tpdt2-300x169.jpg 300w, https:\/\/recstudio.fr\/wp-content\/uploads\/2024\/02\/tpdt2-768x432.jpg 768w\" sizes=\"(max-width: 840px) 100vw, 840px\" \/>\t<\/div>\n\t\t\t<a class=\"qodef-video-button-play\" style=\"color: #b61819;font-size: 40px\" href=\"https:\/\/youtu.be\/qDX51wKONyo\" target=\"_self\" data-rel=\"prettyPhoto[video_button_pretty_photo_41]\">\n\t\t\t<span class=\"qodef-video-button-play-inner\">\n\t\t\t\t<span class=\"arrow_triangle-right_alt\"><\/span>\n\t\t\t<\/span>\n\t\t<\/a>\n\t<\/div>[vc_empty_space height=\u00a0\u00bb30px\u00a0\u00bb]<div class=\"qodef-video-button-holder video_icon\">\n\t<div class=\"qodef-video-button-image\">\n\t\t<img loading=\"lazy\" decoding=\"async\" width=\"840\" height=\"473\" src=\"https:\/\/recstudio.fr\/wp-content\/uploads\/2024\/05\/vid61.png\" class=\"attachment-full size-full\" alt=\"\" srcset=\"https:\/\/recstudio.fr\/wp-content\/uploads\/2024\/05\/vid61.png 840w, https:\/\/recstudio.fr\/wp-content\/uploads\/2024\/05\/vid61-300x169.png 300w, https:\/\/recstudio.fr\/wp-content\/uploads\/2024\/05\/vid61-768x432.png 768w\" sizes=\"(max-width: 840px) 100vw, 840px\" \/>\t<\/div>\n\t\t\t<a class=\"qodef-video-button-play\" style=\"color: #b61819;font-size: 40px\" href=\"https:\/\/youtu.be\/u8hRn6-BeKE\" target=\"_self\" data-rel=\"prettyPhoto[video_button_pretty_photo_813]\">\n\t\t\t<span class=\"qodef-video-button-play-inner\">\n\t\t\t\t<span class=\"arrow_triangle-right_alt\"><\/span>\n\t\t\t<\/span>\n\t\t<\/a>\n\t<\/div>[\/vc_column][vc_column width=\u00a0\u00bb1\/3&Prime;]<div class=\"qodef-video-button-holder video_icon\">\n\t<div class=\"qodef-video-button-image\">\n\t\t<img loading=\"lazy\" decoding=\"async\" width=\"840\" height=\"473\" src=\"https:\/\/recstudio.fr\/wp-content\/uploads\/2024\/02\/tpdt3.jpg\" class=\"attachment-full size-full\" alt=\"\" srcset=\"https:\/\/recstudio.fr\/wp-content\/uploads\/2024\/02\/tpdt3.jpg 840w, https:\/\/recstudio.fr\/wp-content\/uploads\/2024\/02\/tpdt3-300x169.jpg 300w, https:\/\/recstudio.fr\/wp-content\/uploads\/2024\/02\/tpdt3-768x432.jpg 768w\" sizes=\"(max-width: 840px) 100vw, 840px\" \/>\t<\/div>\n\t\t\t<a class=\"qodef-video-button-play\" style=\"color: #b61819;font-size: 40px\" href=\"https:\/\/youtu.be\/h3zMb4sMKXE\" target=\"_self\" data-rel=\"prettyPhoto[video_button_pretty_photo_961]\">\n\t\t\t<span class=\"qodef-video-button-play-inner\">\n\t\t\t\t<span class=\"arrow_triangle-right_alt\"><\/span>\n\t\t\t<\/span>\n\t\t<\/a>\n\t<\/div>[\/vc_column][\/vc_row][\/vc_section][vc_section full_width=\u00a0\u00bbstretch_row\u00a0\u00bb content_placement=\u00a0\u00bbmiddle\u00a0\u00bb parallax=\u00a0\u00bbcontent-moving\u00a0\u00bb parallax_image=\u00a0\u00bb2134&Prime; parallax_speed_bg=\u00a0\u00bb1.3&Prime; css=\u00a0\u00bb.vc_custom_1709122495239{padding-top: 200px !important;padding-bottom: 200px !important;}\u00a0\u00bb][\/vc_section][vc_section][vc_row css_animation=\u00a0\u00bbfadeIn\u00a0\u00bb css=\u00a0\u00bb.vc_custom_1707151620325{margin-top: 40px !important;}\u00a0\u00bb][vc_column][vc_column_text]<\/p>\n<h3 style=\"text-align: center;\">Feedback<\/h3>\n<p>[\/vc_column_text][\/vc_column][\/vc_row][vc_row css_animation=\u00a0\u00bbzoomIn\u00a0\u00bb css=\u00a0\u00bb.vc_custom_1707063798245{margin-top: 50px !important;margin-bottom: 90px !important;}\u00a0\u00bb][vc_column width=\u00a0\u00bb1\/3&Prime;]<div class=\"qodef-video-button-holder video_icon\">\n\t<div class=\"qodef-video-button-image\">\n\t\t<img loading=\"lazy\" decoding=\"async\" width=\"840\" height=\"473\" src=\"https:\/\/recstudio.fr\/wp-content\/uploads\/2024\/02\/fdbk1.jpg\" class=\"attachment-full size-full\" alt=\"\" srcset=\"https:\/\/recstudio.fr\/wp-content\/uploads\/2024\/02\/fdbk1.jpg 840w, https:\/\/recstudio.fr\/wp-content\/uploads\/2024\/02\/fdbk1-300x169.jpg 300w, https:\/\/recstudio.fr\/wp-content\/uploads\/2024\/02\/fdbk1-768x432.jpg 768w\" sizes=\"(max-width: 840px) 100vw, 840px\" \/>\t<\/div>\n\t\t\t<a class=\"qodef-video-button-play\" style=\"color: #b61819;font-size: 40px\" href=\"https:\/\/youtu.be\/rF1OZNvu4I8\" target=\"_self\" data-rel=\"prettyPhoto[video_button_pretty_photo_650]\">\n\t\t\t<span class=\"qodef-video-button-play-inner\">\n\t\t\t\t<span class=\"arrow_triangle-right_alt\"><\/span>\n\t\t\t<\/span>\n\t\t<\/a>\n\t<\/div>[vc_empty_space height=\u00a0\u00bb30px\u00a0\u00bb]<div class=\"qodef-video-button-holder video_icon\">\n\t<div class=\"qodef-video-button-image\">\n\t\t<img loading=\"lazy\" decoding=\"async\" width=\"840\" height=\"473\" src=\"https:\/\/recstudio.fr\/wp-content\/uploads\/2024\/02\/fdbk4.jpg\" class=\"attachment-full size-full\" alt=\"\" srcset=\"https:\/\/recstudio.fr\/wp-content\/uploads\/2024\/02\/fdbk4.jpg 840w, https:\/\/recstudio.fr\/wp-content\/uploads\/2024\/02\/fdbk4-300x169.jpg 300w, https:\/\/recstudio.fr\/wp-content\/uploads\/2024\/02\/fdbk4-768x432.jpg 768w\" sizes=\"(max-width: 840px) 100vw, 840px\" \/>\t<\/div>\n\t\t\t<a class=\"qodef-video-button-play\" style=\"color: #b61819;font-size: 40px\" href=\"https:\/\/youtu.be\/LYgOTkVzE5s\" target=\"_self\" data-rel=\"prettyPhoto[video_button_pretty_photo_505]\">\n\t\t\t<span class=\"qodef-video-button-play-inner\">\n\t\t\t\t<span class=\"arrow_triangle-right_alt\"><\/span>\n\t\t\t<\/span>\n\t\t<\/a>\n\t<\/div>[\/vc_column][vc_column width=\u00a0\u00bb1\/3&Prime;]<div class=\"qodef-video-button-holder video_icon\">\n\t<div class=\"qodef-video-button-image\">\n\t\t<img loading=\"lazy\" decoding=\"async\" width=\"840\" height=\"473\" src=\"https:\/\/recstudio.fr\/wp-content\/uploads\/2024\/02\/fdbk2.jpg\" class=\"attachment-full size-full\" alt=\"\" srcset=\"https:\/\/recstudio.fr\/wp-content\/uploads\/2024\/02\/fdbk2.jpg 840w, https:\/\/recstudio.fr\/wp-content\/uploads\/2024\/02\/fdbk2-300x169.jpg 300w, https:\/\/recstudio.fr\/wp-content\/uploads\/2024\/02\/fdbk2-768x432.jpg 768w\" sizes=\"(max-width: 840px) 100vw, 840px\" \/>\t<\/div>\n\t\t\t<a class=\"qodef-video-button-play\" style=\"color: #b61819;font-size: 40px\" href=\"https:\/\/youtu.be\/csTHhcMRQlY\" target=\"_self\" data-rel=\"prettyPhoto[video_button_pretty_photo_798]\">\n\t\t\t<span class=\"qodef-video-button-play-inner\">\n\t\t\t\t<span class=\"arrow_triangle-right_alt\"><\/span>\n\t\t\t<\/span>\n\t\t<\/a>\n\t<\/div>[vc_empty_space height=\u00a0\u00bb30px\u00a0\u00bb]<div class=\"qodef-video-button-holder video_icon\">\n\t<div class=\"qodef-video-button-image\">\n\t\t<img loading=\"lazy\" decoding=\"async\" width=\"840\" height=\"473\" src=\"https:\/\/recstudio.fr\/wp-content\/uploads\/2024\/05\/vid62.png\" class=\"attachment-full size-full\" alt=\"\" srcset=\"https:\/\/recstudio.fr\/wp-content\/uploads\/2024\/05\/vid62.png 840w, https:\/\/recstudio.fr\/wp-content\/uploads\/2024\/05\/vid62-300x169.png 300w, https:\/\/recstudio.fr\/wp-content\/uploads\/2024\/05\/vid62-768x432.png 768w\" sizes=\"(max-width: 840px) 100vw, 840px\" \/>\t<\/div>\n\t\t\t<a class=\"qodef-video-button-play\" style=\"color: #b61819;font-size: 40px\" href=\"https:\/\/youtu.be\/7RVxS9YcvBk\" target=\"_self\" data-rel=\"prettyPhoto[video_button_pretty_photo_191]\">\n\t\t\t<span class=\"qodef-video-button-play-inner\">\n\t\t\t\t<span class=\"arrow_triangle-right_alt\"><\/span>\n\t\t\t<\/span>\n\t\t<\/a>\n\t<\/div>[\/vc_column][vc_column width=\u00a0\u00bb1\/3&Prime;]<div class=\"qodef-video-button-holder video_icon\">\n\t<div class=\"qodef-video-button-image\">\n\t\t<img loading=\"lazy\" decoding=\"async\" width=\"840\" height=\"473\" src=\"https:\/\/recstudio.fr\/wp-content\/uploads\/2024\/02\/fdbk3.jpg\" class=\"attachment-full size-full\" alt=\"\" srcset=\"https:\/\/recstudio.fr\/wp-content\/uploads\/2024\/02\/fdbk3.jpg 840w, https:\/\/recstudio.fr\/wp-content\/uploads\/2024\/02\/fdbk3-300x169.jpg 300w, https:\/\/recstudio.fr\/wp-content\/uploads\/2024\/02\/fdbk3-768x432.jpg 768w\" sizes=\"(max-width: 840px) 100vw, 840px\" \/>\t<\/div>\n\t\t\t<a class=\"qodef-video-button-play\" style=\"color: #b61819;font-size: 40px\" href=\"https:\/\/youtu.be\/EUpUcVNtFrk\" target=\"_self\" data-rel=\"prettyPhoto[video_button_pretty_photo_13]\">\n\t\t\t<span class=\"qodef-video-button-play-inner\">\n\t\t\t\t<span class=\"arrow_triangle-right_alt\"><\/span>\n\t\t\t<\/span>\n\t\t<\/a>\n\t<\/div>[\/vc_column][\/vc_row][\/vc_section][vc_section full_width=\u00a0\u00bbstretch_row\u00a0\u00bb content_placement=\u00a0\u00bbmiddle\u00a0\u00bb parallax=\u00a0\u00bbcontent-moving\u00a0\u00bb parallax_image=\u00a0\u00bb2083&Prime; css=\u00a0\u00bb.vc_custom_1707067664962{padding-top: 70px !important;padding-bottom: 70px !important;}\u00a0\u00bb][vc_row][vc_column][vc_column_text css=\u00a0\u00bb.vc_custom_1707063559980{margin-right: 20% !important;margin-left: 20% !important;}\u00a0\u00bb]<\/p>\n<h4 style=\"text-align: center;\"><span style=\"color: #ffffff;\">Vous avez un projet vid\u00e9o \u00e0 r\u00e9aliser ? Discutons-en !<\/span><\/h4>\n<p>[\/vc_column_text][vc_btn title=\u00a0\u00bbContactez-nous\u00a0\u00bb style=\u00a0\u00bbflat\u00a0\u00bb shape=\u00a0\u00bbround\u00a0\u00bb align=\u00a0\u00bbcenter\u00a0\u00bb i_icon_fontawesome=\u00a0\u00bbfas fa-angle-right\u00a0\u00bb add_icon=\u00a0\u00bbtrue\u00a0\u00bb link=\u00a0\u00bburl:https%3A%2F%2Frecstudio.fr%2F%3Fpage_id%3D209|title:Contact\u00a0\u00bb css=\u00a0\u00bb.vc_custom_1707063667481{margin-top: 20px !important;}\u00a0\u00bb][\/vc_column][\/vc_row][\/vc_section]<\/p>\n","protected":false},"excerpt":{"rendered":"<p>[vc_section full_width=\u00a0\u00bbstretch_row\u00a0\u00bb parallax=\u00a0\u00bbcontent-moving\u00a0\u00bb parallax_image=\u00a0\u00bb2294&Prime; parallax_speed_bg=\u00a0\u00bb1.3&Prime; css=\u00a0\u00bb.vc_custom_1709121969538{margin-top: -40px !important;padding-top: 360px !important;padding-bottom: 360px !important;background-color: #efefef !important;}\u00a0\u00bb][vc_row][vc_column][vc_column_text] Actualit\u00e9 [\/vc_column_text][vc_separator color=\u00a0\u00bbcustom\u00a0\u00bb border_width=\u00a0\u00bb4&Prime; el_width=\u00a0\u00bb20&Prime; accent_color=\u00a0\u00bb#b61819&Prime; css=\u00a0\u00bb.vc_custom_1707066643582{margin-top: 20px !important;}\u00a0\u00bb][\/vc_column][\/vc_row][\/vc_section][vc_section full_width=\u00a0\u00bbstretch_row\u00a0\u00bb css=\u00a0\u00bb.vc_custom_1709122059515{padding-top: 50px !important;padding-bottom: 50px !important;background-color: #efefef !important;}\u00a0\u00bb][vc_row css_animation=\u00a0\u00bbfadeIn\u00a0\u00bb css=\u00a0\u00bb.vc_custom_1707061306600{padding-right: 20% !important;padding-left: 20% !important;}\u00a0\u00bb][vc_column][vc_column_text] Envie d&rsquo;en d\u00e9couvrir [&hellip;]<\/p>\n","protected":false},"author":1,"featured_media":0,"parent":0,"menu_order":0,"comment_status":"closed","ping_status":"closed","template":"","meta":{"footnotes":""},"_links":{"self":[{"href":"https:\/\/recstudio.fr\/index.php?rest_route=\/wp\/v2\/pages\/174"}],"collection":[{"href":"https:\/\/recstudio.fr\/index.php?rest_route=\/wp\/v2\/pages"}],"about":[{"href":"https:\/\/recstudio.fr\/index.php?rest_route=\/wp\/v2\/types\/page"}],"author":[{"embeddable":true,"href":"https:\/\/recstudio.fr\/index.php?rest_route=\/wp\/v2\/users\/1"}],"replies":[{"embeddable":true,"href":"https:\/\/recstudio.fr\/index.php?rest_route=%2Fwp%2Fv2%2Fcomments&post=174"}],"version-history":[{"count":66,"href":"https:\/\/recstudio.fr\/index.php?rest_route=\/wp\/v2\/pages\/174\/revisions"}],"predecessor-version":[{"id":2376,"href":"https:\/\/recstudio.fr\/index.php?rest_route=\/wp\/v2\/pages\/174\/revisions\/2376"}],"wp:attachment":[{"href":"https:\/\/recstudio.fr\/index.php?rest_route=%2Fwp%2Fv2%2Fmedia&parent=174"}],"curies":[{"name":"wp","href":"https:\/\/api.w.org\/{rel}","templated":true}]}}