{"id":376,"date":"2021-07-10T11:35:44","date_gmt":"2021-07-10T09:35:44","guid":{"rendered":"http:\/\/recstudio.fr\/?page_id=376"},"modified":"2024-02-28T13:21:20","modified_gmt":"2024-02-28T12:21:20","slug":"conseils","status":"publish","type":"page","link":"https:\/\/recstudio.fr\/?page_id=376","title":{"rendered":"Accompagnement"},"content":{"rendered":"<p>[vc_section full_width=\u00a0\u00bbstretch_row\u00a0\u00bb content_placement=\u00a0\u00bbmiddle\u00a0\u00bb parallax=\u00a0\u00bbcontent-moving\u00a0\u00bb parallax_image=\u00a0\u00bb2092&Prime; parallax_speed_bg=\u00a0\u00bb1.4&Prime; css=\u00a0\u00bb.vc_custom_1707066767689{margin-top: -40px !important;padding-top: 340px !important;padding-bottom: 340px !important;}\u00a0\u00bb][vc_row][vc_column][vc_column_text]<\/p>\n<h1 style=\"text-align: center;\"><span style=\"color: #ffffff;\"><span style=\"caret-color: #ffffff;\">Conseils &amp; accompagnement<\/span><\/span><\/h1>\n<p>[\/vc_column_text][vc_separator color=\u00a0\u00bbcustom\u00a0\u00bb border_width=\u00a0\u00bb4&Prime; el_width=\u00a0\u00bb20&Prime; accent_color=\u00a0\u00bb#b61819&Prime; css=\u00a0\u00bb.vc_custom_1707066639831{margin-top: 20px !important;}\u00a0\u00bb][\/vc_column][\/vc_row][\/vc_section][vc_section content_placement=\u00a0\u00bbmiddle\u00a0\u00bb css=\u00a0\u00bb.vc_custom_1709121761150{padding-top: 80px !important;padding-bottom: 30px !important;}\u00a0\u00bb][vc_row equal_height=\u00a0\u00bbyes\u00a0\u00bb content_placement=\u00a0\u00bbmiddle\u00a0\u00bb][vc_column width=\u00a0\u00bb1\/2&Prime; css=\u00a0\u00bb.vc_custom_1644712009115{margin-left: 100px !important;}\u00a0\u00bb][vc_column_text]<\/p>\n<h2>Partenaire de votre projet<\/h2>\n<p>[\/vc_column_text][vc_separator color=\u00a0\u00bbcustom\u00a0\u00bb align=\u00a0\u00bbalign_left\u00a0\u00bb border_width=\u00a0\u00bb4&Prime; el_width=\u00a0\u00bb20&Prime; css=\u00a0\u00bb.vc_custom_1643497636160{margin-top: 20px !important;}\u00a0\u00bb accent_color=\u00a0\u00bb#b61819&Prime;][vc_column_text css=\u00a0\u00bb.vc_custom_1705952609921{margin-top: 20px !important;}\u00a0\u00bb]<\/p>\n<div class=\"page\" title=\"Page 3\">\n<div class=\"section\">\n<div class=\"layoutArea\">\n<div class=\"column\">\n<p><strong>Notre groupe a pour valeur fondamentale d\u2019accompagner\u00a0le client<\/strong> dans toutes les \u00e9tapes de conception de sa campagne vid\u00e9o. Nous pouvons \u00e9galement vous conseiller sur votre communication digitale et\/ou de m\u00e9dia, mais \u00e9galement faire appel au savoir-faire de partenaires pour r\u00e9pondre \u00e0 un besoin plus grand.<\/p>\n<\/div>\n<\/div>\n<\/div>\n<\/div>\n<p><strong>Telle une pr\u00e9sence indispensable \u00e0 vos c\u00f4t\u00e9s,<\/strong>\u00a0nous prenons le temps d&rsquo;\u00e9changer ensemble sur votre projet, de d\u00e9terminer votre v\u00e9ritable besoin pour vous proposer la solution la plus adapt\u00e9e parmi nos savoirs-faire, et de contribuer \u00e0 sa r\u00e9ussite pour atteindre le but fix\u00e9.<\/p>\n<p><strong>REC Studio ce n&rsquo;est pas seulement des prestations techniques et cr\u00e9atives,\u00a0<\/strong>c&rsquo;est la possibilit\u00e9 d&rsquo;\u00e9changer et d&rsquo;\u00eatre conseill\u00e9 par des experts dipl\u00f4m\u00e9s dans leur secteur d&rsquo;activit\u00e9.[\/vc_column_text][\/vc_column][vc_column width=\u00a0\u00bb1\/2&Prime;][vc_single_image image=\u00a0\u00bb2171&Prime; img_size=\u00a0\u00bblarge\u00a0\u00bb css_animation=\u00a0\u00bbfadeInRight\u00a0\u00bb][\/vc_column][\/vc_row][\/vc_section][vc_section full_width=\u00a0\u00bbstretch_row\u00a0\u00bb parallax=\u00a0\u00bbcontent-moving-fade\u00a0\u00bb parallax_image=\u00a0\u00bb1168&Prime; css=\u00a0\u00bb.vc_custom_1709122457395{margin-top: 50px !important;padding-top: 200px !important;padding-bottom: 200px !important;}\u00a0\u00bb][\/vc_section][vc_section css=\u00a0\u00bb.vc_custom_1709121831141{padding-bottom: 30px !important;}\u00a0\u00bb][vc_row gap=\u00a0\u00bb20&Prime; equal_height=\u00a0\u00bbyes\u00a0\u00bb content_placement=\u00a0\u00bbmiddle\u00a0\u00bb css_animation=\u00a0\u00bbfadeInUp\u00a0\u00bb css=\u00a0\u00bb.vc_custom_1643549928831{margin-top: 50px !important;}\u00a0\u00bb][vc_column width=\u00a0\u00bb1\/2&Prime;][vc_single_image image=\u00a0\u00bb1128&Prime; img_size=\u00a0\u00bbmedium\u00a0\u00bb alignment=\u00a0\u00bbright\u00a0\u00bb][\/vc_column][vc_column width=\u00a0\u00bb1\/2&Prime;][vc_column_text]<\/p>\n<h2 style=\"text-align: left;\">Appropriation de votre projet<\/h2>\n<p>[\/vc_column_text][vc_separator color=\u00a0\u00bbcustom\u00a0\u00bb align=\u00a0\u00bbalign_left\u00a0\u00bb border_width=\u00a0\u00bb2&Prime; el_width=\u00a0\u00bb20&Prime; css=\u00a0\u00bb.vc_custom_1643498749566{margin-top: 15px !important;margin-bottom: 15px !important;}\u00a0\u00bb accent_color=\u00a0\u00bb#b61819&Prime;][vc_column_text]<\/p>\n<div class=\"page\" title=\"Page 3\">\n<div class=\"section\">\n<div class=\"layoutArea\">\n<div class=\"column\">\n<h5>Nous prenons le temps d&rsquo;\u00e9changer ensemble lors d&rsquo;un premier rendez-vous, d&rsquo;analyser votre demande et de d\u00e9terminer r\u00e9ellement vos besoins selon le projet que vous avez en t\u00eate.<\/h5>\n<\/div>\n<\/div>\n<\/div>\n<\/div>\n<p>[\/vc_column_text][\/vc_column][\/vc_row][vc_row gap=\u00a0\u00bb20&Prime; equal_height=\u00a0\u00bbyes\u00a0\u00bb content_placement=\u00a0\u00bbmiddle\u00a0\u00bb css_animation=\u00a0\u00bbfadeInUp\u00a0\u00bb][vc_column width=\u00a0\u00bb1\/2&Prime;][vc_column_text]<\/p>\n<h2 style=\"text-align: right;\">Proposition de solutions<\/h2>\n<p>[\/vc_column_text][vc_separator color=\u00a0\u00bbcustom\u00a0\u00bb align=\u00a0\u00bbalign_right\u00a0\u00bb border_width=\u00a0\u00bb2&Prime; el_width=\u00a0\u00bb20&Prime; css=\u00a0\u00bb.vc_custom_1643498760625{margin-top: 15px !important;margin-bottom: 15px !important;}\u00a0\u00bb accent_color=\u00a0\u00bb#b61819&Prime;][vc_column_text]<\/p>\n<div class=\"page\" title=\"Page 3\">\n<div class=\"section\">\n<div class=\"layoutArea\">\n<div class=\"column\">\n<h5 style=\"text-align: right;\">Apr\u00e8s l&rsquo;\u00e9tude de vos besoins, et selon un ensemble de crite\u0300res, nous serons force de proposition pour vous conseiller les meilleures solutions \u00e0 mettre en place pour votre projet.<\/h5>\n<\/div>\n<\/div>\n<\/div>\n<\/div>\n<p>[\/vc_column_text][\/vc_column][vc_column width=\u00a0\u00bb1\/2&Prime;][vc_single_image image=\u00a0\u00bb2184&Prime; img_size=\u00a0\u00bbmedium\u00a0\u00bb][\/vc_column][\/vc_row][vc_row gap=\u00a0\u00bb20&Prime; equal_height=\u00a0\u00bbyes\u00a0\u00bb content_placement=\u00a0\u00bbmiddle\u00a0\u00bb css_animation=\u00a0\u00bbfadeInUp\u00a0\u00bb][vc_column width=\u00a0\u00bb1\/2&Prime;][vc_single_image image=\u00a0\u00bb2185&Prime; img_size=\u00a0\u00bbmedium\u00a0\u00bb alignment=\u00a0\u00bbright\u00a0\u00bb][\/vc_column][vc_column width=\u00a0\u00bb1\/2&Prime;][vc_column_text]<\/p>\n<h2 style=\"text-align: left;\">Pr\u00e9-production<\/h2>\n<p>[\/vc_column_text][vc_separator color=\u00a0\u00bbcustom\u00a0\u00bb align=\u00a0\u00bbalign_left\u00a0\u00bb border_width=\u00a0\u00bb2&Prime; el_width=\u00a0\u00bb20&Prime; css=\u00a0\u00bb.vc_custom_1643498771674{margin-top: 15px !important;margin-bottom: 15px !important;}\u00a0\u00bb accent_color=\u00a0\u00bb#b61819&Prime;][vc_column_text]<\/p>\n<div class=\"page\" title=\"Page 3\">\n<div class=\"section\">\n<div class=\"layoutArea\">\n<div class=\"column\">\n<h5>Suite \u00e0 la validation de notre offre, nous passerons en phase de pr\u00e9paration : e\u0301criture de script promotionnel, d\u00e9coupage technique des plans, rep\u00e9rage des lieux, planification de tournage, r\u00e9union des ressources, &#8230;<\/h5>\n<\/div>\n<\/div>\n<\/div>\n<\/div>\n<p>[\/vc_column_text][\/vc_column][\/vc_row][vc_row gap=\u00a0\u00bb20&Prime; equal_height=\u00a0\u00bbyes\u00a0\u00bb content_placement=\u00a0\u00bbmiddle\u00a0\u00bb css_animation=\u00a0\u00bbfadeInUp\u00a0\u00bb][vc_column width=\u00a0\u00bb1\/2&Prime;][vc_column_text]<\/p>\n<h2 style=\"text-align: right;\">Production du projet<\/h2>\n<p>[\/vc_column_text][vc_separator color=\u00a0\u00bbcustom\u00a0\u00bb align=\u00a0\u00bbalign_right\u00a0\u00bb border_width=\u00a0\u00bb2&Prime; el_width=\u00a0\u00bb20&Prime; css=\u00a0\u00bb.vc_custom_1643498782260{margin-top: 15px !important;margin-bottom: 15px !important;}\u00a0\u00bb accent_color=\u00a0\u00bb#b61819&Prime;][vc_column_text]<\/p>\n<h5 style=\"text-align: right;\">Nous entamons le plus important, la cr\u00e9ation : le tournage de votre projet vid\u00e9o avec l&rsquo;ensemble du mat\u00e9riel n\u00e9cessaire pour le r\u00e9aliser (cam\u00e9ra, objectif, lumi\u00e8re, &#8230;) et la post-production des images (dit \u00e9galement \u00ab\u00a0le montage\u00a0\u00bb).<\/h5>\n<p>[\/vc_column_text][\/vc_column][vc_column width=\u00a0\u00bb1\/2&Prime;][vc_single_image image=\u00a0\u00bb2186&Prime; img_size=\u00a0\u00bbmedium\u00a0\u00bb][\/vc_column][\/vc_row][vc_row gap=\u00a0\u00bb20&Prime; equal_height=\u00a0\u00bbyes\u00a0\u00bb content_placement=\u00a0\u00bbmiddle\u00a0\u00bb css_animation=\u00a0\u00bbfadeInUp\u00a0\u00bb][vc_column width=\u00a0\u00bb1\/2&Prime;][vc_single_image image=\u00a0\u00bb1141&Prime; img_size=\u00a0\u00bbmedium\u00a0\u00bb alignment=\u00a0\u00bbright\u00a0\u00bb][\/vc_column][vc_column width=\u00a0\u00bb1\/2&Prime;][vc_column_text]<\/p>\n<h2 style=\"text-align: left;\">Remise de production<\/h2>\n<p>[\/vc_column_text][vc_separator color=\u00a0\u00bbcustom\u00a0\u00bb align=\u00a0\u00bbalign_left\u00a0\u00bb border_width=\u00a0\u00bb2&Prime; el_width=\u00a0\u00bb20&Prime; css=\u00a0\u00bb.vc_custom_1643498793668{margin-top: 15px !important;margin-bottom: 15px !important;}\u00a0\u00bb accent_color=\u00a0\u00bb#b61819&Prime;][vc_column_text]<\/p>\n<div class=\"page\" title=\"Page 3\">\n<div class=\"section\">\n<div class=\"layoutArea\">\n<div class=\"column\">\n<h5>La phase de production achev\u00e9e, nous vous remettons votre projet achev\u00e9 afin de valider celui-ci ou d&rsquo;apporter des corrections si cela est n\u00e9cessaire pour qu&rsquo;il r\u00e9ponde \u00e0 vos attentes.<\/h5>\n<\/div>\n<\/div>\n<\/div>\n<\/div>\n<p>[\/vc_column_text][\/vc_column][\/vc_row][vc_row gap=\u00a0\u00bb20&Prime; equal_height=\u00a0\u00bbyes\u00a0\u00bb content_placement=\u00a0\u00bbmiddle\u00a0\u00bb css_animation=\u00a0\u00bbfadeInUp\u00a0\u00bb][vc_column width=\u00a0\u00bb1\/2&Prime;][vc_column_text]<\/p>\n<h2 style=\"text-align: right;\">Communication<\/h2>\n<p>[\/vc_column_text][vc_separator color=\u00a0\u00bbcustom\u00a0\u00bb align=\u00a0\u00bbalign_right\u00a0\u00bb border_width=\u00a0\u00bb2&Prime; el_width=\u00a0\u00bb20&Prime; css=\u00a0\u00bb.vc_custom_1643498804345{margin-top: 15px !important;margin-bottom: 15px !important;}\u00a0\u00bb accent_color=\u00a0\u00bb#b61819&Prime;][vc_column_text]<\/p>\n<h5 style=\"text-align: right;\">Place au lancement de votre campagne vid\u00e9o sur vos plateformes digitales, au cin\u00e9ma ou tout autre support num\u00e9rique, selon la strate\u0301gie et le calendrier e\u0301tablis.<\/h5>\n<p>[\/vc_column_text][\/vc_column][vc_column width=\u00a0\u00bb1\/2&Prime;][vc_single_image image=\u00a0\u00bb2187&Prime; img_size=\u00a0\u00bbmedium\u00a0\u00bb][\/vc_column][\/vc_row][vc_row gap=\u00a0\u00bb20&Prime; equal_height=\u00a0\u00bbyes\u00a0\u00bb content_placement=\u00a0\u00bbmiddle\u00a0\u00bb css_animation=\u00a0\u00bbfadeInUp\u00a0\u00bb][vc_column width=\u00a0\u00bb1\/2&Prime;][vc_single_image image=\u00a0\u00bb1143&Prime; img_size=\u00a0\u00bbmedium\u00a0\u00bb alignment=\u00a0\u00bbright\u00a0\u00bb][\/vc_column][vc_column width=\u00a0\u00bb1\/2&Prime;][vc_column_text]<\/p>\n<h2 style=\"text-align: left;\">Feedback<\/h2>\n<p>[\/vc_column_text][vc_separator color=\u00a0\u00bbcustom\u00a0\u00bb align=\u00a0\u00bbalign_left\u00a0\u00bb border_width=\u00a0\u00bb2&Prime; el_width=\u00a0\u00bb20&Prime; css=\u00a0\u00bb.vc_custom_1643498814875{margin-top: 15px !important;margin-bottom: 15px !important;}\u00a0\u00bb accent_color=\u00a0\u00bb#b61819&Prime;][vc_column_text]<\/p>\n<h5>Apr\u00e8s communication de votre contenu, nous analysons ensemble les r\u00e9sultats gr\u00e2ce \u00e0 divers indicateurs cl\u00e9s de performance (KPI) et approuvons si les objectifs fix\u00e9s ensemble ont \u00e9t\u00e9 atteints.<\/h5>\n<p>[\/vc_column_text][\/vc_column][\/vc_row][vc_row gap=\u00a0\u00bb20&Prime; equal_height=\u00a0\u00bbyes\u00a0\u00bb content_placement=\u00a0\u00bbmiddle\u00a0\u00bb css_animation=\u00a0\u00bbfadeInUp\u00a0\u00bb][vc_column]<div class=\"qodef-clients clearfix  qodef-clients-six-columns separator-disabled\">\n        <div class=\"qodef-client-holder qodef-hover-opacity\" >\n        <div class=\"qodef-client-holder-inner\">\n            <div class=\"qodef-client-image-holder\">\n                                <a href=\"https:\/\/www.melty.fr\" target=\"_self\">\n                                            <span class=\"qodef-client-image\">\n\t\t\t\t\t\t<img decoding=\"async\" src=\"https:\/\/recstudio.fr\/wp-content\/uploads\/2024\/02\/exemple-client45.jpg\" alt=\"\"\/>\n\t\t\t\t\t<\/span>\n                                                                <\/a>\n                        <\/div>\n        <\/div>\n    <\/div>\n    <div class=\"qodef-client-holder qodef-hover-opacity\" >\n        <div class=\"qodef-client-holder-inner\">\n            <div class=\"qodef-client-image-holder\">\n                                <a href=\"https:\/\/www.verspieren.com\/fr\" target=\"_self\">\n                                            <span class=\"qodef-client-image\">\n\t\t\t\t\t\t<img decoding=\"async\" src=\"https:\/\/recstudio.fr\/wp-content\/uploads\/2022\/02\/exemple-clien11.jpg\" alt=\"\"\/>\n\t\t\t\t\t<\/span>\n                                                                <\/a>\n                        <\/div>\n        <\/div>\n    <\/div>\n    <div class=\"qodef-client-holder qodef-hover-opacity\" >\n        <div class=\"qodef-client-holder-inner\">\n            <div class=\"qodef-client-image-holder\">\n                                <a href=\"https:\/\/www.decideom.fr\" target=\"_self\">\n                                            <span class=\"qodef-client-image\">\n\t\t\t\t\t\t<img decoding=\"async\" src=\"https:\/\/recstudio.fr\/wp-content\/uploads\/2022\/02\/exemple-client21.jpg\" alt=\"\"\/>\n\t\t\t\t\t<\/span>\n                                                                <\/a>\n                        <\/div>\n        <\/div>\n    <\/div>\n    <div class=\"qodef-client-holder qodef-hover-opacity\" >\n        <div class=\"qodef-client-holder-inner\">\n            <div class=\"qodef-client-image-holder\">\n                                <a href=\"https:\/\/www.facebook.com\/link.hazebrouck\" target=\"_self\">\n                                            <span class=\"qodef-client-image\">\n\t\t\t\t\t\t<img decoding=\"async\" src=\"https:\/\/recstudio.fr\/wp-content\/uploads\/2024\/02\/exemple-client37.jpg\" alt=\"\"\/>\n\t\t\t\t\t<\/span>\n                                                                <\/a>\n                        <\/div>\n        <\/div>\n    <\/div>\n    <div class=\"qodef-client-holder qodef-hover-opacity\" >\n        <div class=\"qodef-client-holder-inner\">\n            <div class=\"qodef-client-image-holder\">\n                                <a href=\"https:\/\/www.ville-hazebrouck.fr\" target=\"_self\">\n                                            <span class=\"qodef-client-image\">\n\t\t\t\t\t\t<img decoding=\"async\" src=\"https:\/\/recstudio.fr\/wp-content\/uploads\/2022\/02\/exemple-clien10.jpg\" alt=\"\"\/>\n\t\t\t\t\t<\/span>\n                                                                <\/a>\n                        <\/div>\n        <\/div>\n    <\/div>\n    <div class=\"qodef-client-holder qodef-hover-opacity\" >\n        <div class=\"qodef-client-holder-inner\">\n            <div class=\"qodef-client-image-holder\">\n                                <a href=\"https:\/\/www.louis-spriet.eu\" target=\"_self\">\n                                            <span class=\"qodef-client-image\">\n\t\t\t\t\t\t<img decoding=\"async\" src=\"https:\/\/recstudio.fr\/wp-content\/uploads\/2024\/02\/exemple-client39.jpg\" alt=\"\"\/>\n\t\t\t\t\t<\/span>\n                                                                <\/a>\n                        <\/div>\n        <\/div>\n    <\/div>\n<\/div>[\/vc_column][\/vc_row][\/vc_section][vc_section full_width=\u00a0\u00bbstretch_row\u00a0\u00bb parallax=\u00a0\u00bbcontent-moving-fade\u00a0\u00bb parallax_image=\u00a0\u00bb2111&Prime; parallax_speed_bg=\u00a0\u00bb1.4&Prime; css=\u00a0\u00bb.vc_custom_1707069481051{padding-top: 70px !important;padding-bottom: 70px !important;}\u00a0\u00bb][vc_row][vc_column][vc_column_text css=\u00a0\u00bb.vc_custom_1643547173525{margin-right: 20% !important;margin-left: 20% !important;}\u00a0\u00bb]<\/p>\n<h4 style=\"text-align: center;\"><span style=\"color: #ffffff;\">Envie d&rsquo;\u00eatre conseill\u00e9 et accompagn\u00e9 sur un projet ? Discutons-en !<\/span><\/h4>\n<p>[\/vc_column_text][vc_btn title=\u00a0\u00bbContactez-nous\u00a0\u00bb style=\u00a0\u00bbflat\u00a0\u00bb shape=\u00a0\u00bbround\u00a0\u00bb align=\u00a0\u00bbcenter\u00a0\u00bb i_icon_fontawesome=\u00a0\u00bbfas fa-angle-right\u00a0\u00bb add_icon=\u00a0\u00bbtrue\u00a0\u00bb link=\u00a0\u00bburl:https%3A%2F%2Frecstudio.fr%2F%3Fpage_id%3D209|title:Contact\u00a0\u00bb css=\u00a0\u00bb.vc_custom_1709122876130{margin-top: 20px !important;}\u00a0\u00bb][\/vc_column][\/vc_row][\/vc_section]<\/p>\n","protected":false},"excerpt":{"rendered":"<p>[vc_section full_width=\u00a0\u00bbstretch_row\u00a0\u00bb content_placement=\u00a0\u00bbmiddle\u00a0\u00bb parallax=\u00a0\u00bbcontent-moving\u00a0\u00bb parallax_image=\u00a0\u00bb2092&Prime; parallax_speed_bg=\u00a0\u00bb1.4&Prime; css=\u00a0\u00bb.vc_custom_1707066767689{margin-top: -40px !important;padding-top: 340px !important;padding-bottom: 340px !important;}\u00a0\u00bb][vc_row][vc_column][vc_column_text] Conseils &amp; accompagnement [\/vc_column_text][vc_separator color=\u00a0\u00bbcustom\u00a0\u00bb border_width=\u00a0\u00bb4&Prime; el_width=\u00a0\u00bb20&Prime; accent_color=\u00a0\u00bb#b61819&Prime; css=\u00a0\u00bb.vc_custom_1707066639831{margin-top: 20px !important;}\u00a0\u00bb][\/vc_column][\/vc_row][\/vc_section][vc_section content_placement=\u00a0\u00bbmiddle\u00a0\u00bb css=\u00a0\u00bb.vc_custom_1709121761150{padding-top: 80px !important;padding-bottom: 30px !important;}\u00a0\u00bb][vc_row equal_height=\u00a0\u00bbyes\u00a0\u00bb content_placement=\u00a0\u00bbmiddle\u00a0\u00bb][vc_column width=\u00a0\u00bb1\/2&Prime; css=\u00a0\u00bb.vc_custom_1644712009115{margin-left: 100px !important;}\u00a0\u00bb][vc_column_text] Partenaire de votre projet [&hellip;]<\/p>\n","protected":false},"author":1,"featured_media":0,"parent":0,"menu_order":0,"comment_status":"closed","ping_status":"closed","template":"","meta":{"footnotes":""},"_links":{"self":[{"href":"https:\/\/recstudio.fr\/index.php?rest_route=\/wp\/v2\/pages\/376"}],"collection":[{"href":"https:\/\/recstudio.fr\/index.php?rest_route=\/wp\/v2\/pages"}],"about":[{"href":"https:\/\/recstudio.fr\/index.php?rest_route=\/wp\/v2\/types\/page"}],"author":[{"embeddable":true,"href":"https:\/\/recstudio.fr\/index.php?rest_route=\/wp\/v2\/users\/1"}],"replies":[{"embeddable":true,"href":"https:\/\/recstudio.fr\/index.php?rest_route=%2Fwp%2Fv2%2Fcomments&post=376"}],"version-history":[{"count":69,"href":"https:\/\/recstudio.fr\/index.php?rest_route=\/wp\/v2\/pages\/376\/revisions"}],"predecessor-version":[{"id":2362,"href":"https:\/\/recstudio.fr\/index.php?rest_route=\/wp\/v2\/pages\/376\/revisions\/2362"}],"wp:attachment":[{"href":"https:\/\/recstudio.fr\/index.php?rest_route=%2Fwp%2Fv2%2Fmedia&parent=376"}],"curies":[{"name":"wp","href":"https:\/\/api.w.org\/{rel}","templated":true}]}}